{"id":25,"date":"2024-02-27T05:23:16","date_gmt":"2024-02-27T05:23:16","guid":{"rendered":"http:\/\/localhost\/wordpress_tienda_smie\/?post_type=product&#038;p=25"},"modified":"2026-04-10T19:01:49","modified_gmt":"2026-04-10T19:01:49","slug":"estructuras-de-acero-ejemplos-de-diseno","status":"publish","type":"product","link":"https:\/\/tienda.smie.mx\/index.php\/product\/estructuras-de-acero-ejemplos-de-diseno\/","title":{"rendered":"Estructuras de acero. Ejemplos de Dise\u00f1o"},"content":{"rendered":"<h3 class=\"mt-2\"><strong>Estructuras de acero. Ejemplos de Dise\u00f1o, de acuerdo a la Norma T\u00e9cnica Complementaria para dise\u00f1o y construcci\u00f3n de estructuras de acero, 2017.<\/strong><\/h3>\n<h1><a href=\"https:\/\/tienda.smie.mx\/wp-content\/uploads\/2024\/02\/estructuras_acero_ejemplos_diseno.pdf\" target=\"_blank\" rel=\"noopener\"><span style=\"color: #ff0000;\"><strong><em>Ver \u00edndice<\/em><\/strong><\/span><\/a><\/h1>\n<p><strong>Autores:<\/strong><\/p>\n<ul>\n<li>Sociedad Mexicana de Ingenier\u00eda Estructural.<\/li>\n<li>Instituto Mexicano de la Construcci\u00f3n en Acero.<\/li>\n<\/ul>\n<p><span style=\"color: #ff0000;\"><strong>PR\u00d3XIMAMENTE 3ra EDICI\u00d3N<\/strong><\/span><\/p>\n","protected":false},"excerpt":{"rendered":"<h3 class=\"mt-2\"><strong>Estructuras de acero. Ejemplos de Dise\u00f1o, de acuerdo a la Norma T\u00e9cnica Complementaria para dise\u00f1o y construcci\u00f3n de estructuras de acero, 2017.<\/strong><\/h3>\n<h1><a href=\"https:\/\/tienda.smie.mx\/wp-content\/uploads\/2024\/02\/estructuras_acero_ejemplos_diseno.pdf\" target=\"_blank\" rel=\"noopener\"><span style=\"color: #ff0000;\"><strong><em>Ver \u00edndice<\/em><\/strong><\/span><\/a><\/h1>\n<p><strong>Autores:<\/strong><\/p>\n<ul>\n<li>Sociedad Mexicana de Ingenier\u00eda Estructural.<\/li>\n<li>Instituto Mexicano de la Construcci\u00f3n en Acero.<\/li>\n<\/ul>\n<p><span style=\"color: #ff0000;\"><strong>PR\u00d3XIMAMENTE 3ra EDICI\u00d3N<\/strong><\/span><\/p>\n","protected":false},"featured_media":26,"template":"","meta":[],"location":[35,34],"product_brand":[],"product_cat":[19],"product_tag":[],"class_list":{"0":"post-25","1":"product","2":"type-product","3":"status-publish","4":"has-post-thumbnail","6":"location-oficina","7":"location-pakmail","8":"product_cat-smie","9":"thunk-woo-product-list","10":"opn-qv-enable","11":"open-woo-hover-zoom","12":"open-single-product-tab-horizontal","13":"open-shadow-","14":"open-shadow-hover-","16":"first","17":"instock","18":"shipping-taxable","19":"product-type-simple"},"locations":[{"id":35,"name":"Oficina","slug":"oficina","quantity":"0"},{"id":34,"name":"Pakmail","slug":"pakmail","quantity":"0"}],"_links":{"self":[{"href":"https:\/\/tienda.smie.mx\/index.php\/wp-json\/wp\/v2\/product\/25","targetHints":{"allow":["GET"]}}],"collection":[{"href":"https:\/\/tienda.smie.mx\/index.php\/wp-json\/wp\/v2\/product"}],"about":[{"href":"https:\/\/tienda.smie.mx\/index.php\/wp-json\/wp\/v2\/types\/product"}],"wp:featuredmedia":[{"embeddable":true,"href":"https:\/\/tienda.smie.mx\/index.php\/wp-json\/wp\/v2\/media\/26"}],"wp:attachment":[{"href":"https:\/\/tienda.smie.mx\/index.php\/wp-json\/wp\/v2\/media?parent=25"}],"wp:term":[{"taxonomy":"location","embeddable":true,"href":"https:\/\/tienda.smie.mx\/index.php\/wp-json\/wp\/v2\/location?post=25"},{"taxonomy":"product_brand","embeddable":true,"href":"https:\/\/tienda.smie.mx\/index.php\/wp-json\/wp\/v2\/product_brand?post=25"},{"taxonomy":"product_cat","embeddable":true,"href":"https:\/\/tienda.smie.mx\/index.php\/wp-json\/wp\/v2\/product_cat?post=25"},{"taxonomy":"product_tag","embeddable":true,"href":"https:\/\/tienda.smie.mx\/index.php\/wp-json\/wp\/v2\/product_tag?post=25"}],"curies":[{"name":"wp","href":"https:\/\/api.w.org\/{rel}","templated":true}]}}