{"id":343,"date":"2025-03-19T22:54:42","date_gmt":"2025-03-19T22:54:42","guid":{"rendered":"https:\/\/tienda.smie.mx\/?post_type=product&#038;p=343"},"modified":"2025-03-21T22:00:07","modified_gmt":"2025-03-21T22:00:07","slug":"combo-diseno-sismico-de-estructuras-2-libros-terremoto-1957-1985-2017","status":"publish","type":"product","link":"https:\/\/tienda.smie.mx\/index.php\/product\/combo-diseno-sismico-de-estructuras-2-libros-terremoto-1957-1985-2017\/","title":{"rendered":"Combo Dise\u00f1o S\u00edsmico de Estructuras + 2 Libros Terremoto (1957, 1985, 2017)"},"content":{"rendered":"<p><strong>Combo con 3 libros<\/strong><\/p>\n<p><strong>A elegir entre:<\/strong><\/p>\n<ul>\n<li>Dise\u00f1o S\u00edsmico de Estructuras<\/li>\n<li>El terremoto de 1957 (El d\u00eda que el \u00e1ngel vol\u00f3)<\/li>\n<li>El terremoto de 1985 (Cr\u00f3nica del desastre en M\u00e9xico)<\/li>\n<li>El terremoto de 2017 (Diecinueve de septiembre negro)<\/li>\n<\/ul>\n","protected":false},"excerpt":{"rendered":"<p><strong>Combo con 3 libros<\/strong><\/p>\n<p><strong>A elegir entre:<\/strong><\/p>\n<ul>\n<li>Dise\u00f1o S\u00edsmico de Estructuras<\/li>\n<li>El terremoto de 1957 (El d\u00eda que el \u00e1ngel vol\u00f3)<\/li>\n<li>El terremoto de 1985 (Cr\u00f3nica del desastre en M\u00e9xico)<\/li>\n<li>El terremoto de 2017 (Diecinueve de septiembre negro)<\/li>\n<\/ul>\n","protected":false},"featured_media":41,"template":"","meta":[],"location":[],"product_brand":[],"product_cat":[20],"product_tag":[],"class_list":{"0":"post-343","1":"product","2":"type-product","3":"status-publish","4":"has-post-thumbnail","6":"product_cat-promociones","7":"thunk-woo-product-list","8":"opn-qv-enable","9":"open-woo-hover-zoom","10":"open-single-product-tab-horizontal","11":"open-shadow-","12":"open-shadow-hover-","14":"first","15":"instock","16":"shipping-taxable","17":"purchasable","18":"product-type-woosb"},"locations":[],"_links":{"self":[{"href":"https:\/\/tienda.smie.mx\/index.php\/wp-json\/wp\/v2\/product\/343","targetHints":{"allow":["GET"]}}],"collection":[{"href":"https:\/\/tienda.smie.mx\/index.php\/wp-json\/wp\/v2\/product"}],"about":[{"href":"https:\/\/tienda.smie.mx\/index.php\/wp-json\/wp\/v2\/types\/product"}],"wp:featuredmedia":[{"embeddable":true,"href":"https:\/\/tienda.smie.mx\/index.php\/wp-json\/wp\/v2\/media\/41"}],"wp:attachment":[{"href":"https:\/\/tienda.smie.mx\/index.php\/wp-json\/wp\/v2\/media?parent=343"}],"wp:term":[{"taxonomy":"location","embeddable":true,"href":"https:\/\/tienda.smie.mx\/index.php\/wp-json\/wp\/v2\/location?post=343"},{"taxonomy":"product_brand","embeddable":true,"href":"https:\/\/tienda.smie.mx\/index.php\/wp-json\/wp\/v2\/product_brand?post=343"},{"taxonomy":"product_cat","embeddable":true,"href":"https:\/\/tienda.smie.mx\/index.php\/wp-json\/wp\/v2\/product_cat?post=343"},{"taxonomy":"product_tag","embeddable":true,"href":"https:\/\/tienda.smie.mx\/index.php\/wp-json\/wp\/v2\/product_tag?post=343"}],"curies":[{"name":"wp","href":"https:\/\/api.w.org\/{rel}","templated":true}]}}