{"id":35,"date":"2024-02-27T05:38:34","date_gmt":"2024-02-27T05:38:34","guid":{"rendered":"http:\/\/localhost\/wordpress_tienda_smie\/?post_type=product&#038;p=35"},"modified":"2025-03-21T22:01:22","modified_gmt":"2025-03-21T22:01:22","slug":"paquete-con-2-libros","status":"publish","type":"product","link":"https:\/\/tienda.smie.mx\/index.php\/product\/paquete-con-2-libros\/","title":{"rendered":"Paquete con 2 libros"},"content":{"rendered":"<h3 class=\"mt-2\"><strong>Paquete con 2 libros:<\/strong><br \/>\nA elegir entre:<br \/>\nEl terremoto de 1957 (El d\u00eda que el \u00e1ngel vol\u00f3)<br \/>\nEl terremoto de 1985 (Cr\u00f3nica del desastre en M\u00e9xico)<br \/>\nEl terremoto de 2017 (Diecinueve de septiembre negro)<\/h3>\n<h4><strong>Autor:<\/strong><\/h4>\n<p>Iv\u00e1n Salcido<\/p>\n","protected":false},"excerpt":{"rendered":"<h3 class=\"mt-2\"><strong>Paquete con 2 libros:<\/strong><br \/>\nA elegir entre:<br \/>\nEl terremoto de 1957 (El d\u00eda que el \u00e1ngel vol\u00f3)<br \/>\nEl terremoto de 1985 (Cr\u00f3nica del desastre en M\u00e9xico)<br \/>\nEl terremoto de 2017 (Diecinueve de septiembre negro)<\/h3>\n<h4><strong>Autor:<\/strong><\/h4>\n<p>Iv\u00e1n Salcido<\/p>\n","protected":false},"featured_media":36,"template":"","meta":[],"location":[],"product_brand":[],"product_cat":[20],"product_tag":[],"class_list":{"0":"post-35","1":"product","2":"type-product","3":"status-publish","4":"has-post-thumbnail","6":"product_cat-promociones","7":"thunk-woo-product-list","8":"opn-qv-enable","9":"open-woo-hover-zoom","10":"open-single-product-tab-horizontal","11":"open-shadow-","12":"open-shadow-hover-","14":"first","15":"instock","16":"shipping-taxable","17":"purchasable","18":"product-type-woosb"},"locations":[],"_links":{"self":[{"href":"https:\/\/tienda.smie.mx\/index.php\/wp-json\/wp\/v2\/product\/35","targetHints":{"allow":["GET"]}}],"collection":[{"href":"https:\/\/tienda.smie.mx\/index.php\/wp-json\/wp\/v2\/product"}],"about":[{"href":"https:\/\/tienda.smie.mx\/index.php\/wp-json\/wp\/v2\/types\/product"}],"wp:featuredmedia":[{"embeddable":true,"href":"https:\/\/tienda.smie.mx\/index.php\/wp-json\/wp\/v2\/media\/36"}],"wp:attachment":[{"href":"https:\/\/tienda.smie.mx\/index.php\/wp-json\/wp\/v2\/media?parent=35"}],"wp:term":[{"taxonomy":"location","embeddable":true,"href":"https:\/\/tienda.smie.mx\/index.php\/wp-json\/wp\/v2\/location?post=35"},{"taxonomy":"product_brand","embeddable":true,"href":"https:\/\/tienda.smie.mx\/index.php\/wp-json\/wp\/v2\/product_brand?post=35"},{"taxonomy":"product_cat","embeddable":true,"href":"https:\/\/tienda.smie.mx\/index.php\/wp-json\/wp\/v2\/product_cat?post=35"},{"taxonomy":"product_tag","embeddable":true,"href":"https:\/\/tienda.smie.mx\/index.php\/wp-json\/wp\/v2\/product_tag?post=35"}],"curies":[{"name":"wp","href":"https:\/\/api.w.org\/{rel}","templated":true}]}}