{"id":40,"date":"2024-02-27T05:43:39","date_gmt":"2024-02-27T05:43:39","guid":{"rendered":"http:\/\/localhost\/wordpress_tienda_smie\/?post_type=product&#038;p=40"},"modified":"2026-04-08T18:15:50","modified_gmt":"2026-04-08T18:15:50","slug":"diseno-sismico-de-estructuras","status":"publish","type":"product","link":"https:\/\/tienda.smie.mx\/index.php\/product\/diseno-sismico-de-estructuras\/","title":{"rendered":"Dise\u00f1o S\u00edsmico de Estructuras"},"content":{"rendered":"<h3>Dise\u00f1o S\u00edsmico de Estructuras.<\/h3>\n<h1><a href=\"https:\/\/tienda.smie.mx\/wp-content\/uploads\/2024\/02\/indice_diseno_sismico_de_estructuras.pdf\" target=\"_blank\" rel=\"noopener\"><em><strong><span style=\"color: #ff0000;\">Ver \u00edndice<\/span><\/strong><\/em><\/a><\/h1>\n<h4>Autores:<\/h4>\n<ul>\n<li>Enrique Baz\u00e1n Zurita<\/li>\n<li>Roberto Meli Piralla<\/li>\n<\/ul>\n","protected":false},"excerpt":{"rendered":"<h3>Dise\u00f1o S\u00edsmico de Estructuras.<\/h3>\n<h1><a href=\"https:\/\/tienda.smie.mx\/wp-content\/uploads\/2024\/02\/indice_diseno_sismico_de_estructuras.pdf\" target=\"_blank\" rel=\"noopener\"><em><strong><span style=\"color: #ff0000;\">Ver \u00edndice<\/span><\/strong><\/em><\/a><\/h1>\n<h4>Autores:<\/h4>\n<ul>\n<li>Enrique Baz\u00e1n Zurita<\/li>\n<li>Roberto Meli Piralla<\/li>\n<\/ul>\n","protected":false},"featured_media":41,"template":"","meta":[],"location":[33,35,34],"product_brand":[],"product_cat":[19],"product_tag":[],"class_list":{"0":"post-40","1":"product","2":"type-product","3":"status-publish","4":"has-post-thumbnail","6":"location-bodega-smie","7":"location-oficina","8":"location-pakmail","9":"product_cat-smie","10":"thunk-woo-product-list","11":"opn-qv-enable","12":"open-woo-hover-zoom","13":"open-single-product-tab-horizontal","14":"open-shadow-","15":"open-shadow-hover-","17":"first","18":"instock","19":"shipping-taxable","20":"purchasable","21":"product-type-simple"},"locations":[{"id":33,"name":"Bodega","slug":"bodega-smie","quantity":"0"},{"id":35,"name":"Oficina","slug":"oficina","quantity":"28"},{"id":34,"name":"Pakmail","slug":"pakmail","quantity":"13"}],"_links":{"self":[{"href":"https:\/\/tienda.smie.mx\/index.php\/wp-json\/wp\/v2\/product\/40","targetHints":{"allow":["GET"]}}],"collection":[{"href":"https:\/\/tienda.smie.mx\/index.php\/wp-json\/wp\/v2\/product"}],"about":[{"href":"https:\/\/tienda.smie.mx\/index.php\/wp-json\/wp\/v2\/types\/product"}],"wp:featuredmedia":[{"embeddable":true,"href":"https:\/\/tienda.smie.mx\/index.php\/wp-json\/wp\/v2\/media\/41"}],"wp:attachment":[{"href":"https:\/\/tienda.smie.mx\/index.php\/wp-json\/wp\/v2\/media?parent=40"}],"wp:term":[{"taxonomy":"location","embeddable":true,"href":"https:\/\/tienda.smie.mx\/index.php\/wp-json\/wp\/v2\/location?post=40"},{"taxonomy":"product_brand","embeddable":true,"href":"https:\/\/tienda.smie.mx\/index.php\/wp-json\/wp\/v2\/product_brand?post=40"},{"taxonomy":"product_cat","embeddable":true,"href":"https:\/\/tienda.smie.mx\/index.php\/wp-json\/wp\/v2\/product_cat?post=40"},{"taxonomy":"product_tag","embeddable":true,"href":"https:\/\/tienda.smie.mx\/index.php\/wp-json\/wp\/v2\/product_tag?post=40"}],"curies":[{"name":"wp","href":"https:\/\/api.w.org\/{rel}","templated":true}]}}