{"id":42,"date":"2024-02-27T05:46:50","date_gmt":"2024-02-27T05:46:50","guid":{"rendered":"http:\/\/localhost\/wordpress_tienda_smie\/?post_type=product&#038;p=42"},"modified":"2026-04-10T19:02:39","modified_gmt":"2026-04-10T19:02:39","slug":"ejemplos-de-diseno-de-acuerdo-con-las-normas-tecnicas-complementarias-para-diseno-por-sismo-2017-2020","status":"publish","type":"product","link":"https:\/\/tienda.smie.mx\/index.php\/product\/ejemplos-de-diseno-de-acuerdo-con-las-normas-tecnicas-complementarias-para-diseno-por-sismo-2017-2020\/","title":{"rendered":"Ejemplos de Dise\u00f1o de acuerdo con las Normas T\u00e9cnicas Complementarias para Dise\u00f1o por Sismo 2017 \/ 2020"},"content":{"rendered":"<h3><span id=\"page3R_mcid0\" class=\"markedContent\"><span dir=\"ltr\" role=\"presentation\">Ejemplos de Dise\u00f1o de acuerdo con las Normas T\u00e9cnicas Complementarias para Dise\u00f1o por <\/span><span dir=\"ltr\" role=\"presentation\">Sismo 2017 \/ 2020.<\/span><\/span><\/h3>\n<h1><em><strong><a href=\"https:\/\/tienda.smie.mx\/wp-content\/uploads\/2024\/02\/indice-ejemplos-diseno-acuerdos.pdf\" target=\"_blank\" rel=\"noopener\"><span style=\"color: #ff0000;\">Ver \u00edndice<\/span><\/a><\/strong><\/em><\/h1>\n<h4>Autores:<\/h4>\n<ul>\n<li>SMIE (Sociedad Mexicana de Ingenier\u00eda Estructural)<\/li>\n<li>SMIS (Sociedad Mexicana de Ingenier\u00eda S\u00edsmica)<\/li>\n<\/ul>\n","protected":false},"excerpt":{"rendered":"<h3><span id=\"page3R_mcid0\" class=\"markedContent\"><span dir=\"ltr\" role=\"presentation\">Ejemplos de Dise\u00f1o de acuerdo con las Normas T\u00e9cnicas Complementarias para Dise\u00f1o por <\/span><span dir=\"ltr\" role=\"presentation\">Sismo 2017 \/ 2020.<\/span><\/span><\/h3>\n<h1><a href=\"https:\/\/tienda.smie.mx\/wp-content\/uploads\/2024\/02\/indice-ejemplos-diseno-acuerdos.pdf\" target=\"_blank\" rel=\"noopener\"><em><strong><span style=\"color: #ff0000;\">Ver <\/span><span style=\"color: #ff0000;\">\u00edndice<\/span><\/strong><\/em><\/a><\/h1>\n<h4>Autores:<\/h4>\n<ul>\n<li>SMIE (Sociedad Mexicana de Ingenier\u00eda Estructural)<\/li>\n<li>SMIS (Sociedad Mexicana de Ingenier\u00eda S\u00edsmica)<\/li>\n<\/ul>\n","protected":false},"featured_media":43,"template":"","meta":[],"location":[33,35,34],"product_brand":[],"product_cat":[19],"product_tag":[],"class_list":{"0":"post-42","1":"product","2":"type-product","3":"status-publish","4":"has-post-thumbnail","6":"location-bodega-smie","7":"location-oficina","8":"location-pakmail","9":"product_cat-smie","10":"thunk-woo-product-list","11":"opn-qv-enable","12":"open-woo-hover-zoom","13":"open-single-product-tab-horizontal","14":"open-shadow-","15":"open-shadow-hover-","17":"first","18":"instock","19":"shipping-taxable","20":"product-type-simple"},"locations":[{"id":33,"name":"Bodega","slug":"bodega-smie","quantity":"0"},{"id":35,"name":"Oficina","slug":"oficina","quantity":"0"},{"id":34,"name":"Pakmail","slug":"pakmail","quantity":"0"}],"_links":{"self":[{"href":"https:\/\/tienda.smie.mx\/index.php\/wp-json\/wp\/v2\/product\/42","targetHints":{"allow":["GET"]}}],"collection":[{"href":"https:\/\/tienda.smie.mx\/index.php\/wp-json\/wp\/v2\/product"}],"about":[{"href":"https:\/\/tienda.smie.mx\/index.php\/wp-json\/wp\/v2\/types\/product"}],"wp:featuredmedia":[{"embeddable":true,"href":"https:\/\/tienda.smie.mx\/index.php\/wp-json\/wp\/v2\/media\/43"}],"wp:attachment":[{"href":"https:\/\/tienda.smie.mx\/index.php\/wp-json\/wp\/v2\/media?parent=42"}],"wp:term":[{"taxonomy":"location","embeddable":true,"href":"https:\/\/tienda.smie.mx\/index.php\/wp-json\/wp\/v2\/location?post=42"},{"taxonomy":"product_brand","embeddable":true,"href":"https:\/\/tienda.smie.mx\/index.php\/wp-json\/wp\/v2\/product_brand?post=42"},{"taxonomy":"product_cat","embeddable":true,"href":"https:\/\/tienda.smie.mx\/index.php\/wp-json\/wp\/v2\/product_cat?post=42"},{"taxonomy":"product_tag","embeddable":true,"href":"https:\/\/tienda.smie.mx\/index.php\/wp-json\/wp\/v2\/product_tag?post=42"}],"curies":[{"name":"wp","href":"https:\/\/api.w.org\/{rel}","templated":true}]}}