{"id":789,"date":"2026-04-06T23:03:41","date_gmt":"2026-04-06T23:03:41","guid":{"rendered":"https:\/\/tienda.smie.mx\/?post_type=product&#038;p=789"},"modified":"2026-04-06T23:03:41","modified_gmt":"2026-04-06T23:03:41","slug":"estructuras-de-acero-ejemplos-de-diseno-de-acuerdo-con-la-norma-tecnica-complementaria-para-diseno-y-construccion-de-estructuras-de-acero-2023","status":"publish","type":"product","link":"https:\/\/tienda.smie.mx\/index.php\/product\/estructuras-de-acero-ejemplos-de-diseno-de-acuerdo-con-la-norma-tecnica-complementaria-para-diseno-y-construccion-de-estructuras-de-acero-2023\/","title":{"rendered":"Estructuras de acero &#8211; Ejemplos de dise\u00f1o, de acuerdo con la Norma T\u00e9cnica Complementaria para dise\u00f1o y construcci\u00f3n de estructuras de acero 2023"},"content":{"rendered":"","protected":false},"excerpt":{"rendered":"","protected":false},"featured_media":790,"template":"","meta":[],"location":[],"product_brand":[],"product_cat":[19],"product_tag":[],"class_list":{"0":"post-789","1":"product","2":"type-product","3":"status-publish","4":"has-post-thumbnail","6":"product_cat-smie","7":"thunk-woo-product-list","8":"opn-qv-enable","9":"open-woo-hover-zoom","10":"open-single-product-tab-horizontal","11":"open-shadow-","12":"open-shadow-hover-","14":"first","15":"instock","16":"shipping-taxable","17":"product-type-simple"},"locations":[],"_links":{"self":[{"href":"https:\/\/tienda.smie.mx\/index.php\/wp-json\/wp\/v2\/product\/789","targetHints":{"allow":["GET"]}}],"collection":[{"href":"https:\/\/tienda.smie.mx\/index.php\/wp-json\/wp\/v2\/product"}],"about":[{"href":"https:\/\/tienda.smie.mx\/index.php\/wp-json\/wp\/v2\/types\/product"}],"wp:featuredmedia":[{"embeddable":true,"href":"https:\/\/tienda.smie.mx\/index.php\/wp-json\/wp\/v2\/media\/790"}],"wp:attachment":[{"href":"https:\/\/tienda.smie.mx\/index.php\/wp-json\/wp\/v2\/media?parent=789"}],"wp:term":[{"taxonomy":"location","embeddable":true,"href":"https:\/\/tienda.smie.mx\/index.php\/wp-json\/wp\/v2\/location?post=789"},{"taxonomy":"product_brand","embeddable":true,"href":"https:\/\/tienda.smie.mx\/index.php\/wp-json\/wp\/v2\/product_brand?post=789"},{"taxonomy":"product_cat","embeddable":true,"href":"https:\/\/tienda.smie.mx\/index.php\/wp-json\/wp\/v2\/product_cat?post=789"},{"taxonomy":"product_tag","embeddable":true,"href":"https:\/\/tienda.smie.mx\/index.php\/wp-json\/wp\/v2\/product_tag?post=789"}],"curies":[{"name":"wp","href":"https:\/\/api.w.org\/{rel}","templated":true}]}}